{"id":14,"date":"2008-05-14T16:11:39","date_gmt":"2008-05-14T13:11:39","guid":{"rendered":"http:\/\/rexmusic.fi\/blogi\/?page_id=14"},"modified":"2018-07-19T17:15:54","modified_gmt":"2018-07-19T17:15:54","slug":"miksi-blogi","status":"publish","type":"page","link":"https:\/\/www.reijoliinamaa.fi\/?page_id=14","title":{"rendered":"Miksi blogi?"},"content":{"rendered":"<p align=\"left\">Mit\u00e4 mahdollisuuksia yhteiskunnallisista asioista, poliittisesta keskustelusta ja median arvioinnista kiinnostuneella suomalaisella keski-ik\u00e4isell\u00e4 miehell\u00e4 on tuoda mielipiteens\u00e4 esille?<br \/>\nJupista pubissa? Analysoida vaimolle? Pit\u00e4\u00e4 palopuheita ty\u00f6maalla?<br \/>\nHalukkaiden kanssakeskustelijoiden kiinnostus ei ym. tapauksissa ole taattu.\u00a0V\u00e4ltt\u00e4m\u00e4tt\u00e4 se ei ole\u00a0sit\u00e4 blogeissakaan. Mutta ne ovat siell\u00e4 n\u00e4ht\u00e4viss\u00e4, olemassa.<br \/>\n<strong>\u201cAjattelen, siis olen\u201d<\/strong> lausui ranskalainen, kaikkea ep\u00e4ilev\u00e4 filosofi <strong>Ren\u00e9 Descartes<\/strong> 1600 -luvulla.<br \/>\n<strong>\u201cKirjoitan, siis todistan ajattelevani\u201d, <\/strong>voisi lausetta t\u00e4m\u00e4n vaaleanpunaisen mediakohinan keskell\u00e4 jatkaa.<\/p>\n<p>Olisi tietysti hienoa, jos niit\u00e4 joku viel\u00e4 kommentoisikin. Mutta sekin riitt\u00e4\u00e4, ett\u00e4 ne ovat.<\/p>\n<p>M\u00e4nts\u00e4l\u00e4n Nummisissa 22.4.2008, Reijo Liinamaa<\/p>\n","protected":false},"excerpt":{"rendered":"<p>Mit\u00e4 mahdollisuuksia yhteiskunnallisista asioista, poliittisesta keskustelusta ja median arvioinnista kiinnostuneella suomalaisella keski-ik\u00e4isell\u00e4 miehell\u00e4 on tuoda mielipiteens\u00e4 esille? Jupista pubissa? Analysoida vaimolle? Pit\u00e4\u00e4 palopuheita ty\u00f6maalla? Halukkaiden kanssakeskustelijoiden kiinnostus ei ym. tapauksissa ole taattu.\u00a0V\u00e4ltt\u00e4m\u00e4tt\u00e4 se ei ole\u00a0sit\u00e4 blogeissakaan. Mutta ne ovat siell\u00e4 &hellip; <a href=\"https:\/\/www.reijoliinamaa.fi\/?page_id=14\">Lue loppuun <span class=\"meta-nav\">&rarr;<\/span><\/a><\/p>\n","protected":false},"author":2,"featured_media":0,"parent":0,"menu_order":0,"comment_status":"open","ping_status":"open","template":"","meta":{"footnotes":""},"class_list":["post-14","page","type-page","status-publish","hentry"],"_links":{"self":[{"href":"https:\/\/www.reijoliinamaa.fi\/index.php?rest_route=\/wp\/v2\/pages\/14","targetHints":{"allow":["GET"]}}],"collection":[{"href":"https:\/\/www.reijoliinamaa.fi\/index.php?rest_route=\/wp\/v2\/pages"}],"about":[{"href":"https:\/\/www.reijoliinamaa.fi\/index.php?rest_route=\/wp\/v2\/types\/page"}],"author":[{"embeddable":true,"href":"https:\/\/www.reijoliinamaa.fi\/index.php?rest_route=\/wp\/v2\/users\/2"}],"replies":[{"embeddable":true,"href":"https:\/\/www.reijoliinamaa.fi\/index.php?rest_route=%2Fwp%2Fv2%2Fcomments&post=14"}],"version-history":[{"count":1,"href":"https:\/\/www.reijoliinamaa.fi\/index.php?rest_route=\/wp\/v2\/pages\/14\/revisions"}],"predecessor-version":[{"id":793,"href":"https:\/\/www.reijoliinamaa.fi\/index.php?rest_route=\/wp\/v2\/pages\/14\/revisions\/793"}],"wp:attachment":[{"href":"https:\/\/www.reijoliinamaa.fi\/index.php?rest_route=%2Fwp%2Fv2%2Fmedia&parent=14"}],"curies":[{"name":"wp","href":"https:\/\/api.w.org\/{rel}","templated":true}]}}